{"id":11,"date":"2024-01-23T03:01:05","date_gmt":"2024-01-23T03:01:05","guid":{"rendered":"https:\/\/aksstratejik.com.tr\/?page_id=11"},"modified":"2024-01-23T09:37:39","modified_gmt":"2024-01-23T09:37:39","slug":"aksstratejik","status":"publish","type":"page","link":"https:\/\/aksstratejik.com.tr\/","title":{"rendered":"Aksstratejik"},"content":{"rendered":"\t\t<div data-elementor-type=\"wp-page\" data-elementor-id=\"11\" class=\"elementor elementor-11\">\n\t\t\t\t\t\t<section class=\"elementor-section elementor-top-section elementor-element elementor-element-1c2590a0 elementor-section-full_width elementor-section-stretched elementor-section-height-default elementor-section-height-default\" data-id=\"1c2590a0\" data-element_type=\"section\" data-settings=\"{&quot;stretch_section&quot;:&quot;section-stretched&quot;}\">\n\t\t\t\t\t\t<div class=\"elementor-container elementor-column-gap-no\">\n\t\t\t\t\t<div class=\"aux-parallax-section elementor-column elementor-col-100 elementor-top-column elementor-element elementor-element-d4becf2\" data-id=\"d4becf2\" data-element_type=\"column\">\n\t\t\t<div class=\"elementor-widget-wrap elementor-element-populated\">\n\t\t\t\t\t\t<div class=\"elementor-element elementor-element-1ed47863 elementor-widget__width-auto aux-appear-watch-animation aux-fade-in-down-2 elementor-widget elementor-widget-aux_simple_svg\" data-id=\"1ed47863\" data-element_type=\"widget\" data-widget_type=\"aux_simple_svg.default\">\n\t\t\t\t<div class=\"elementor-widget-container\">\n\t\t\t\t\t    <div class=\"aux-widget-container aux-simple-svg-container\">\n        <div class=\"aux-widget-container-inner\">\n            <div class=\"aux-the-svg\"><svg xmlns=\"http:\/\/www.w3.org\/2000\/svg\" width=\"133.971\" height=\"130.027\" viewBox=\"0 0 133.971 130.027\">\n  <g transform=\"translate(1966.52 -1200.003) rotate(90)\">\n    <path d=\"M202.571,239.86l-5.925,6.336-.046,5.175,10.839-11.463Z\" transform=\"translate(1003.725 1592.689)\" fill=\"#5ef18f\" \/>\n    <path d=\"M224.24,239.88l-27.65,29.357v5.175l32.472-34.533Z\" transform=\"translate(1003.688 1592.766)\" fill=\"#5ef18f\" \/>\n    <path d=\"M245.944,239.89l-49.328,52.428-.046,5.175,54.2-57.554Z\" transform=\"translate(1003.617 1592.804)\" fill=\"#5ef18f\" \/>\n    <path d=\"M267.613,239.91,196.56,315.359v5.175l75.876-80.624Z\" transform=\"translate(1003.581 1592.88)\" fill=\"#5ef18f\" \/>\n    <path d=\"M289.318,239.92,196.54,338.439v5.175l97.6-103.646Z\" transform=\"translate(1003.509 1592.919)\" fill=\"#5ef18f\" \/>\n    <path d=\"M310.986,239.94,196.53,361.481v5.127L315.809,239.94Z\" transform=\"translate(1003.473 1592.996)\" fill=\"#5ef18f\" \/>\n    <path d=\"M318.185,241.29,198.86,367.958l4.823.048L318.139,246.465Z\" transform=\"translate(1011.845 1598.175)\" fill=\"#5ef18f\" \/>\n    <path d=\"M301.17,246.07l-97.6,103.646h4.823l92.778-98.471Z\" transform=\"translate(1028.767 1616.513)\" fill=\"#5ef18f\" \/>\n    <path d=\"M284.2,250.85,208.28,331.426l4.823.048,71.053-75.449Z\" transform=\"translate(1045.69 1634.852)\" fill=\"#5ef18f\" \/>\n    <path d=\"M267.187,255.63l-54.2,57.554h4.823l49.374-52.379Z\" transform=\"translate(1062.613 1653.19)\" fill=\"#5ef18f\" \/>\n    <path d=\"M250.172,260.41,217.7,294.894l4.823.048,27.65-29.357Z\" transform=\"translate(1079.536 1671.529)\" fill=\"#5ef18f\" \/>\n    <path d=\"M233.2,265.19,222.41,276.652h4.823l5.971-6.287Z\" transform=\"translate(1096.459 1689.867)\" fill=\"#5ef18f\" \/>\n  <\/g>\n<\/svg><\/div>\n        <\/div>\n    <\/div>\n    \t\t\t\t<\/div>\n\t\t\t\t<\/div>\n\t\t\t\t<div class=\"aux-scroll-anim elementor-element elementor-element-12f0058a elementor-widget__width-auto aux-appear-watch-animation aux-zoom-in-3 elementor-widget elementor-widget-aux_simple_svg\" data-move-in=\"scale\" data-move-out=\"scale\" data-axis-x=\"60\" data-axis-y=\"-80\" data-rotate=\"90\" data-scale=\"1.4\" data-vp-top=\"0.5\" data-vp-bot=\"0.5\" data-el-top=\"0.2\" data-scroll-animation-off=\"1024\" data-id=\"12f0058a\" data-element_type=\"widget\" data-widget_type=\"aux_simple_svg.default\">\n\t\t\t\t<div class=\"elementor-widget-container\">\n\t\t\t\t\t    <div class=\"aux-widget-container aux-simple-svg-container\">\n        <div class=\"aux-widget-container-inner\">\n            <div class=\"aux-the-svg\"><img decoding=\"async\" src=\"https:\/\/aksstratejik.com.tr\/wp-content\/uploads\/2024\/01\/Group-232.svg\" title=\"Group-232.svg\" alt=\"Group-232.svg\" loading=\"lazy\" \/><\/div>\n        <\/div>\n    <\/div>\n    \t\t\t\t<\/div>\n\t\t\t\t<\/div>\n\t\t\t\t<div class=\"aux-scroll-anim elementor-element elementor-element-31e8d19c aux-shpe-type-rectangle elementor-widget__width-auto elementor-widget elementor-widget-aux_simple_shape\" data-move-in=\"\" data-move-out=\"moveHorizontal\" data-axis-x=\"200\" data-axis-y=\"200\" data-rotate=\"90\" data-scale=\"1\" data-vp-top=\"0.5\" data-vp-bot=\"0.5\" data-el-top=\"0.2\" data-scroll-animation-off=\"1024\" data-id=\"31e8d19c\" data-element_type=\"widget\" data-widget_type=\"aux_simple_shape.default\">\n\t\t\t\t<div class=\"elementor-widget-container\">\n\t\t\t\t\t    <div class=\"aux-widget-container aux-simple-shape-container\">\n        <div class=\"aux-widget-container-inner\">\n            <div class=\"aux-the-shape\"><\/div>\n        <\/div>\n    <\/div>\n    \t\t\t\t<\/div>\n\t\t\t\t<\/div>\n\t\t\t\t<div class=\"elementor-element elementor-element-223376b8 elementor-widget__width-auto elementor-hidden-phone aux-appear-watch-animation aux-slide-from-right elementor-widget elementor-widget-aux_simple_svg\" data-id=\"223376b8\" data-element_type=\"widget\" data-widget_type=\"aux_simple_svg.default\">\n\t\t\t\t<div class=\"elementor-widget-container\">\n\t\t\t\t\t    <div class=\"aux-widget-container aux-simple-svg-container\">\n        <div class=\"aux-widget-container-inner\">\n            <div class=\"aux-the-svg\">\r\n<svg id=\"Group_223\" xmlns=\"http:\/\/www.w3.org\/2000\/svg\" width=\"124.748\" height=\"124.748\" viewBox=\"0 0 124.748 124.748\">\r\n  <defs>\r\n    <linearGradient id=\"linear-gradient-3\" x1=\"0.5\" x2=\"0.5\" y2=\"1\" gradientUnits=\"objectBoundingBox\">\r\n      <stop offset=\"0\" stop-color=\"var(--e-global-color-primary)\" \/>\r\n      <stop offset=\"1\" stop-color=\"var(--e-global-color-d762115)\" \/>\r\n    <\/linearGradient>\r\n  <\/defs>\r\n  <path id=\"Path_2435\" d=\"M757.288,400.75V525.5H632.54A124.73,124.73,0,0,1,757.288,400.75Z\" transform=\"translate(-632.54 -400.75)\" fill=\"url(#linear-gradient-3)\" \/>\r\n<\/svg>\r\n<\/div>\n        <\/div>\n    <\/div>\n    \t\t\t\t<\/div>\n\t\t\t\t<\/div>\n\t\t\t\t<div class=\"aux-scroll-anim elementor-element elementor-element-583f60a5 elementor-widget__width-auto elementor-hidden-tablet elementor-hidden-mobile elementor-widget elementor-widget-aux_simple_svg\" data-move-in=\"moveHorizontal\" data-move-out=\"moveHorizontal\" data-axis-x=\"-50\" data-axis-y=\"200\" data-rotate=\"90\" data-scale=\"1\" data-vp-top=\"0.5\" data-vp-bot=\"0.5\" data-el-top=\"0.2\" data-scroll-animation-off=\"1024\" data-id=\"583f60a5\" data-element_type=\"widget\" data-widget_type=\"aux_simple_svg.default\">\n\t\t\t\t<div class=\"elementor-widget-container\">\n\t\t\t\t\t    <div class=\"aux-widget-container aux-simple-svg-container\">\n        <div class=\"aux-widget-container-inner\">\n            <div class=\"aux-the-svg\">\r\n<svg xmlns=\"http:\/\/www.w3.org\/2000\/svg\" width=\"170.174\" height=\"165.164\" viewBox=\"0 0 170.174 165.164\">\r\n  <defs>\r\n   <linearGradient id=\"linear-gradient-2\" x1=\"0.5\" x2=\"0.5\" y2=\"1\" gradientUnits=\"objectBoundingBox\">\r\n      <stop offset=\"0\" stop-color=\"var(--e-global-color-331eb86)\" \/>\r\n      <stop offset=\"1\" stop-color=\"var(--e-global-color-text)\" \/>\r\n    <\/linearGradient>\r\n  <\/defs>\r\n  <g id=\"Group_233\" data-name=\"Group 233\" transform=\"translate(2002.723 -1200.003) rotate(90)\">\r\n    <path id=\"Path_49\" d=\"M204.184,239.86l-7.526,8.048-.058,6.574,13.769-14.56Z\" transform=\"translate(1003.812 1592.689)\" fill=\"url(#linear-gradient-2)\" \/>\r\n    <path id=\"Path_50\" d=\"M231.711,239.88,196.59,277.171v6.573l41.247-43.864Z\" transform=\"translate(1003.763 1592.792)\" fill=\"url(#linear-gradient-2)\" \/>\r\n    <path id=\"Path_51\" d=\"M259.287,239.89l-62.658,66.6-.058,6.574,68.842-73.107Z\" transform=\"translate(1003.666 1592.843)\" fill=\"url(#linear-gradient-2)\" \/>\r\n    <path id=\"Path_52\" d=\"M286.814,239.91,196.56,335.748v6.573L292.94,239.91Z\" transform=\"translate(1003.618 1592.946)\" fill=\"url(#linear-gradient-2)\" \/>\r\n    <path id=\"Path_53\" d=\"M314.389,239.92,196.54,365.063v6.573L320.515,239.981Z\" transform=\"translate(1003.521 1592.998)\" fill=\"url(#linear-gradient-2)\" \/>\r\n    <path id=\"Path_54\" d=\"M341.916,239.94,196.53,394.326v6.512l151.512-160.9Z\" transform=\"translate(1003.473 1593.1)\" fill=\"url(#linear-gradient-2)\" \/>\r\n    <path id=\"Path_55\" d=\"M350.43,241.29l-151.57,160.9,6.126.061L350.372,247.864Z\" transform=\"translate(1014.737 1600.044)\" fill=\"url(#linear-gradient-2)\" \/>\r\n    <path id=\"Path_56\" d=\"M327.545,246.07,203.57,377.725H209.7L327.545,252.644Z\" transform=\"translate(1037.505 1624.63)\" fill=\"url(#linear-gradient-2)\" \/>\r\n    <path id=\"Path_57\" d=\"M304.718,250.85,208.28,353.2l6.126.061,90.254-95.838Z\" transform=\"translate(1060.274 1649.216)\" fill=\"url(#linear-gradient-2)\" \/>\r\n    <path id=\"Path_58\" d=\"M281.833,255.63,212.99,328.737h6.126L281.833,262.2Z\" transform=\"translate(1083.043 1673.802)\" fill=\"url(#linear-gradient-2)\" \/>\r\n    <path id=\"Path_59\" d=\"M258.947,260.41l-41.247,43.8,6.126.061,35.121-37.291Z\" transform=\"translate(1105.811 1698.388)\" fill=\"url(#linear-gradient-2)\" \/>\r\n    <path id=\"Path_60\" d=\"M236.12,265.19l-13.71,14.56h6.126l7.584-7.986Z\" transform=\"translate(1128.58 1722.973)\" fill=\"url(#linear-gradient-2)\" \/>\r\n  <\/g>\r\n<\/svg>\r\n<\/div>\n        <\/div>\n    <\/div>\n    \t\t\t\t<\/div>\n\t\t\t\t<\/div>\n\t\t\t\t<div class=\"aux-scroll-anim elementor-element elementor-element-7a05f080 elementor-widget__width-auto elementor-hidden-phone aux-appear-watch-animation aux-zoom-in-3 aux-shpe-type-circle elementor-widget elementor-widget-aux_simple_shape\" data-move-in=\"moveHorizontal\" data-move-out=\"moveHorizontal\" data-axis-x=\"-50\" data-axis-y=\"200\" data-rotate=\"90\" data-scale=\"1\" data-vp-top=\"0.5\" data-vp-bot=\"0.5\" data-el-top=\"0.2\" data-scroll-animation-off=\"1024\" data-id=\"7a05f080\" data-element_type=\"widget\" data-widget_type=\"aux_simple_shape.default\">\n\t\t\t\t<div class=\"elementor-widget-container\">\n\t\t\t\t\t    <div class=\"aux-widget-container aux-simple-shape-container\">\n        <div class=\"aux-widget-container-inner\">\n            <div class=\"aux-the-shape\"><\/div>\n        <\/div>\n    <\/div>\n    \t\t\t\t<\/div>\n\t\t\t\t<\/div>\n\t\t\t\t<section class=\"elementor-section elementor-inner-section elementor-element elementor-element-2781d85b elementor-section-content-middle elementor-section-boxed elementor-section-height-default elementor-section-height-default\" data-id=\"2781d85b\" data-element_type=\"section\">\n\t\t\t\t\t\t<div class=\"elementor-container elementor-column-gap-no\">\n\t\t\t\t\t<div class=\"aux-parallax-section elementor-column elementor-col-33 elementor-inner-column elementor-element elementor-element-741c4e4c\" data-id=\"741c4e4c\" data-element_type=\"column\">\n\t\t\t<div class=\"elementor-widget-wrap elementor-element-populated\">\n\t\t\t\t\t\t<div class=\"elementor-element elementor-element-6b2565a elementor-widget__width-auto aux-appear-watch-animation aux-slide-from-left elementor-hidden-tablet elementor-hidden-mobile elementor-widget elementor-widget-aux_simple_svg\" data-id=\"6b2565a\" data-element_type=\"widget\" data-widget_type=\"aux_simple_svg.default\">\n\t\t\t\t<div class=\"elementor-widget-container\">\n\t\t\t\t\t    <div class=\"aux-widget-container aux-simple-svg-container\">\n        <div class=\"aux-widget-container-inner\">\n            <div class=\"aux-the-svg\">\r\n<svg xmlns=\"http:\/\/www.w3.org\/2000\/svg\" width=\"69.97\" height=\"64.584\" viewBox=\"0 0 69.97 64.584\">\r\n  <defs>\r\n    <linearGradient id=\"linear-gradient-4\" x1=\"0.5\" x2=\"0.5\" y2=\"1\" gradientUnits=\"objectBoundingBox\">\r\n      <stop offset=\"0\" stop-color=\"var(--e-global-color-331eb86)\" \/>\r\n      <stop offset=\"1\" stop-color=\"var(--e-global-color-text)\" \/>\r\n    <\/linearGradient>\r\n  <\/defs>\r\n  <rect id=\"Rectangle_659\" data-name=\"Rectangle 659\" width=\"69.97\" height=\"64.584\" fill=\"url(#linear-gradient-4)\" \/>\r\n<\/svg>\r\n<\/div>\n        <\/div>\n    <\/div>\n    \t\t\t\t<\/div>\n\t\t\t\t<\/div>\n\t\t\t\t<div class=\"elementor-element elementor-element-522a0acd elementor-widget__width-auto aux-appear-watch-animation aux-slide-from-left elementor-hidden-tablet elementor-hidden-mobile elementor-widget elementor-widget-aux_simple_svg\" data-id=\"522a0acd\" data-element_type=\"widget\" data-widget_type=\"aux_simple_svg.default\">\n\t\t\t\t<div class=\"elementor-widget-container\">\n\t\t\t\t\t    <div class=\"aux-widget-container aux-simple-svg-container\">\n        <div class=\"aux-widget-container-inner\">\n            <div class=\"aux-the-svg\">\r\n<svg xmlns=\"http:\/\/www.w3.org\/2000\/svg\" width=\"154.74\" height=\"154.74\" viewBox=\"0 0 154.74 154.74\">\r\n  <defs>\r\n    <linearGradient id=\"linear-gradient-5\" x1=\"0.5\" x2=\"0.5\" y2=\"1\" gradientUnits=\"objectBoundingBox\">\r\n      <stop offset=\"0\" stop-color=\"var(--e-global-color-primary)\" \/>\r\n      <stop offset=\"1\" stop-color=\"var(--e-global-color-d762115)\" \/>\r\n    <\/linearGradient>\r\n  <\/defs>\r\n  <path id=\"Path_2455\" d=\"M70.13,296.51h0V141.77H224.87A154.736,154.736,0,0,1,70.13,296.51Z\" transform=\"translate(-70.13 -141.77)\" fill=\"url(#linear-gradient-5)\" \/>\r\n<\/svg>\r\n<\/div>\n        <\/div>\n    <\/div>\n    \t\t\t\t<\/div>\n\t\t\t\t<\/div>\n\t\t\t\t<div class=\"elementor-element elementor-element-71f3285f elementor-widget__width-auto aux-appear-watch-animation aux-fade-in-left elementor-widget-mobile__width-auto elementor-widget elementor-widget-aux_image\" data-id=\"71f3285f\" data-element_type=\"widget\" data-widget_type=\"aux_image.default\">\n\t\t\t\t<div class=\"elementor-widget-container\">\n\t\t\t\t\t<section class=\"widget-container aux-widget-image aux-alignnone aux-parent-aua3d3e74e\">\n    <div class=\"aux-media-hint-frame \">\n        <div class=\"aux-media-image \" >\n        \n            \n\n            \n            <img fetchpriority=\"high\" decoding=\"async\" width=\"525\" height=\"719\" src=\"https:\/\/aksstratejik.com.tr\/wp-content\/uploads\/2024\/01\/at-kafasi-2.fw_-1.png\" class=\"aux-attachment aux-featured-image aux-attachment-id-74\" alt=\"at-kafasi-2.fw_-1\" data-ratio=\"0.73\" data-original-w=\"525\" \/>            \n                <\/div>\n    <\/div>\n\n<\/section><!-- widget-container -->\t\t\t\t<\/div>\n\t\t\t\t<\/div>\n\t\t\t\t<div class=\"elementor-element elementor-element-34d9c356 elementor-widget__width-auto aux-appear-watch-animation aux-fade-in-down-1 elementor-widget elementor-widget-aux_simple_svg\" data-id=\"34d9c356\" data-element_type=\"widget\" data-widget_type=\"aux_simple_svg.default\">\n\t\t\t\t<div class=\"elementor-widget-container\">\n\t\t\t\t\t    <div class=\"aux-widget-container aux-simple-svg-container\">\n        <div class=\"aux-widget-container-inner\">\n            <div class=\"aux-the-svg\"><svg xmlns=\"http:\/\/www.w3.org\/2000\/svg\" width=\"285.8\" height=\"289.875\" viewBox=\"0 0 285.8 289.875\">\r\n  <defs>\r\n    <linearGradient id=\"linear-gradient-6\" x1=\"0.5\" x2=\"0.5\" y2=\"1\" gradientUnits=\"objectBoundingBox\">\r\n      <stop offset=\"0\" stop-color=\"var(--e-global-color-primary)\" \/>\r\n      <stop offset=\"1\" stop-color=\"var(--e-global-color-d762115)\" \/>\r\n    <\/linearGradient>\r\n  <\/defs>\r\n  <path id=\"Path_2449\" d=\"M406.33,594.685H120.53V304.81h0c157.836,0,285.8,127.964,285.8,285.8Z\" transform=\"translate(-120.53 -304.81)\" fill=\"url(#linear-gradient-6)\" \/>\r\n<\/svg>\r\n<\/div>\n        <\/div>\n    <\/div>\n    \t\t\t\t<\/div>\n\t\t\t\t<\/div>\n\t\t\t\t<div class=\"elementor-element elementor-element-109f7a05 elementor-widget__width-auto aux-appear-watch-animation aux-fade-in-up-2 elementor-widget elementor-widget-aux_image\" data-id=\"109f7a05\" data-element_type=\"widget\" data-widget_type=\"aux_image.default\">\n\t\t\t\t<div class=\"elementor-widget-container\">\n\t\t\t\t\t<section class=\"widget-container aux-widget-image aux-alignnone aux-parent-au48895046\">\n    <div class=\"aux-media-hint-frame \">\n        <div class=\"aux-media-image \" >\n        \n            \n\n            \n            <img decoding=\"async\" width=\"617\" height=\"618\" src=\"https:\/\/aksstratejik.com.tr\/wp-content\/uploads\/2024\/01\/Group-225.png\" class=\"aux-attachment aux-featured-image aux-attachment-id-19\" alt=\"Group-225.png\" data-ratio=\"1\" data-original-w=\"617\" \/>            \n                <\/div>\n    <\/div>\n\n<\/section><!-- widget-container -->\t\t\t\t<\/div>\n\t\t\t\t<\/div>\n\t\t\t\t<div class=\"elementor-element elementor-element-fd281f9 elementor-widget__width-auto aux-appear-watch-animation aux-slide-from-top elementor-widget elementor-widget-aux_simple_svg\" data-id=\"fd281f9\" data-element_type=\"widget\" data-widget_type=\"aux_simple_svg.default\">\n\t\t\t\t<div class=\"elementor-widget-container\">\n\t\t\t\t\t    <div class=\"aux-widget-container aux-simple-svg-container\">\n        <div class=\"aux-widget-container-inner\">\n            <div class=\"aux-the-svg\"><img decoding=\"async\" src=\"https:\/\/aksstratejik.com.tr\/wp-content\/uploads\/2024\/01\/Path_2452.svg\" title=\"Path_2452.svg\" alt=\"Path_2452.svg\" loading=\"lazy\" \/><\/div>\n        <\/div>\n    <\/div>\n    \t\t\t\t<\/div>\n\t\t\t\t<\/div>\n\t\t\t\t<div class=\"elementor-element elementor-element-483ff3d7 elementor-widget__width-auto aux-appear-watch-animation aux-scale-up-2 elementor-widget elementor-widget-aux_simple_svg\" data-id=\"483ff3d7\" data-element_type=\"widget\" data-widget_type=\"aux_simple_svg.default\">\n\t\t\t\t<div class=\"elementor-widget-container\">\n\t\t\t\t\t    <div class=\"aux-widget-container aux-simple-svg-container\">\n        <div class=\"aux-widget-container-inner\">\n            <div class=\"aux-the-svg\"><img decoding=\"async\" src=\"https:\/\/aksstratejik.com.tr\/wp-content\/uploads\/2024\/01\/Group-228.png\" title=\"Group-228.png\" alt=\"Group-228.png\" loading=\"lazy\" \/><\/div>\n        <\/div>\n    <\/div>\n    \t\t\t\t<\/div>\n\t\t\t\t<\/div>\n\t\t\t\t\t<\/div>\n\t\t<\/div>\n\t\t\t\t<div class=\"aux-parallax-section elementor-column elementor-col-33 elementor-inner-column elementor-element elementor-element-7d2ab0c0\" data-id=\"7d2ab0c0\" data-element_type=\"column\">\n\t\t\t<div class=\"elementor-widget-wrap elementor-element-populated\">\n\t\t\t\t\t\t<div class=\"elementor-element elementor-element-5063480e elementor-widget__width-auto aux-appear-watch-animation aux-slide-from-left elementor-widget elementor-widget-aux_simple_svg\" data-id=\"5063480e\" data-element_type=\"widget\" data-widget_type=\"aux_simple_svg.default\">\n\t\t\t\t<div class=\"elementor-widget-container\">\n\t\t\t\t\t    <div class=\"aux-widget-container aux-simple-svg-container\">\n        <div class=\"aux-widget-container-inner\">\n            <div class=\"aux-the-svg\"><img decoding=\"async\" src=\"https:\/\/aksstratejik.com.tr\/wp-content\/uploads\/2024\/01\/Path-2450.png\" title=\"Path-2450.png\" alt=\"Path-2450.png\" loading=\"lazy\" \/><\/div>\n        <\/div>\n    <\/div>\n    \t\t\t\t<\/div>\n\t\t\t\t<\/div>\n\t\t\t\t<div class=\"elementor-element elementor-element-368216b1 elementor-widget__width-auto aux-appear-watch-animation aux-slide-from-top elementor-widget elementor-widget-aux_simple_svg\" data-id=\"368216b1\" data-element_type=\"widget\" data-widget_type=\"aux_simple_svg.default\">\n\t\t\t\t<div class=\"elementor-widget-container\">\n\t\t\t\t\t    <div class=\"aux-widget-container aux-simple-svg-container\">\n        <div class=\"aux-widget-container-inner\">\n            <div class=\"aux-the-svg\"><img decoding=\"async\" src=\"https:\/\/aksstratejik.com.tr\/wp-content\/uploads\/2024\/01\/Path-2451.png\" title=\"Path-2451.png\" alt=\"Path-2451.png\" loading=\"lazy\" \/><\/div>\n        <\/div>\n    <\/div>\n    \t\t\t\t<\/div>\n\t\t\t\t<\/div>\n\t\t\t\t\t<\/div>\n\t\t<\/div>\n\t\t\t\t<div class=\"aux-parallax-section elementor-column elementor-col-33 elementor-inner-column elementor-element elementor-element-b526133\" data-id=\"b526133\" data-element_type=\"column\">\n\t\t\t<div class=\"elementor-widget-wrap elementor-element-populated\">\n\t\t\t\t\t\t<div class=\"elementor-element elementor-element-7ab7bb31 aux-appear-watch-animation aux-slide-from-top elementor-widget elementor-widget-aux_modern_heading\" data-id=\"7ab7bb31\" data-element_type=\"widget\" data-widget_type=\"aux_modern_heading.default\">\n\t\t\t\t<div class=\"elementor-widget-container\">\n\t\t\t\t\t<section class=\"aux-widget-modern-heading\">\n            <div class=\"aux-widget-inner\"><h2 class=\"aux-modern-heading-primary\">\u00c7\u00f6z\u00fcm Orta\u011f\u0131n\u0131z<\/h2><h3 class=\"aux-modern-heading-secondary\"><span class=\"aux-head-highlight\">Dan\u0131\u015f\u0131n &amp; \u00c7\u00f6z\u00fcm Bulun<\/span><\/h3><\/div>\n        <\/section>\t\t\t\t<\/div>\n\t\t\t\t<\/div>\n\t\t\t\t<div class=\"elementor-element elementor-element-40de5ae4 aux-appear-watch-animation aux-slide-from-top elementor-widget elementor-widget-aux_modern_heading\" data-id=\"40de5ae4\" data-element_type=\"widget\" data-widget_type=\"aux_modern_heading.default\">\n\t\t\t\t<div class=\"elementor-widget-container\">\n\t\t\t\t\t<section class=\"aux-widget-modern-heading\">\n            <div class=\"aux-widget-inner\"><h2 class=\"aux-modern-heading-primary\">Performans\u0131n\u0131z\u0131 Birlikte Y\u00fckseltelim<\/h2><div class=\"aux-modern-heading-description\"><p>AKS Stratejik M\u00fchendislik ve Dan\u0131\u015fmanl\u0131k Ticaret Limited \u015eirketi, enerji alan\u0131ndaki \u00e7e\u015fitli bran\u015flarda profesyonel birikim, yetkinlik ve deneyimi kullanarak ak\u0131lc\u0131 \u00e7\u00f6z\u00fcmlere dayal\u0131 stratejik m\u00fchendislik ve dan\u0131\u015fmanl\u0131k hizmetleri vermek \u00fczere kurulmu\u015ftur.<\/p><\/div><\/div>\n        <\/section>\t\t\t\t<\/div>\n\t\t\t\t<\/div>\n\t\t\t\t<div class=\"elementor-element elementor-element-73aa03e elementor-widget__width-initial elementor-widget elementor-widget-button\" data-id=\"73aa03e\" data-element_type=\"widget\" data-widget_type=\"button.default\">\n\t\t\t\t<div class=\"elementor-widget-container\">\n\t\t\t\t\t\t\t\t\t<div class=\"elementor-button-wrapper\">\n\t\t\t\t\t<a class=\"elementor-button elementor-button-link elementor-size-sm\" href=\"https:\/\/aksstratejik.com.tr\/?page_id=43\">\n\t\t\t\t\t\t<span class=\"elementor-button-content-wrapper\">\n\t\t\t\t\t\t\t\t\t<span class=\"elementor-button-text\">servislerimiz<\/span>\n\t\t\t\t\t<\/span>\n\t\t\t\t\t<\/a>\n\t\t\t\t<\/div>\n\t\t\t\t\t\t\t\t<\/div>\n\t\t\t\t<\/div>\n\t\t\t\t<div class=\"elementor-element elementor-element-3319933 elementor-mobile-align-right elementor-widget__width-initial elementor-widget elementor-widget-button\" data-id=\"3319933\" data-element_type=\"widget\" data-widget_type=\"button.default\">\n\t\t\t\t<div class=\"elementor-widget-container\">\n\t\t\t\t\t\t\t\t\t<div class=\"elementor-button-wrapper\">\n\t\t\t\t\t<a class=\"elementor-button elementor-button-link elementor-size-sm\" href=\"https:\/\/aksstratejik.com.tr\/?page_id=41\">\n\t\t\t\t\t\t<span class=\"elementor-button-content-wrapper\">\n\t\t\t\t\t\t\t\t\t<span class=\"elementor-button-text\">Hakk\u0131m\u0131zda<\/span>\n\t\t\t\t\t<\/span>\n\t\t\t\t\t<\/a>\n\t\t\t\t<\/div>\n\t\t\t\t\t\t\t\t<\/div>\n\t\t\t\t<\/div>\n\t\t\t\t\t<\/div>\n\t\t<\/div>\n\t\t\t\t\t<\/div>\n\t\t<\/section>\n\t\t\t\t\t<\/div>\n\t\t<\/div>\n\t\t\t\t\t<\/div>\n\t\t<\/section>\n\t\t\t\t<\/div>\n\t\t","protected":false},"excerpt":{"rendered":"<p>\u00c7\u00f6z\u00fcm Orta\u011f\u0131n\u0131z Dan\u0131\u015f\u0131n &amp; \u00c7\u00f6z\u00fcm Bulun Performans\u0131n\u0131z\u0131 Birlikte Y\u00fckseltelim AKS Stratejik M\u00fchendislik ve Dan\u0131\u015fmanl\u0131k Ticaret Limited \u015eirketi, enerji alan\u0131ndaki \u00e7e\u015fitli bran\u015flarda profesyonel birikim, yetkinlik ve deneyimi kullanarak ak\u0131lc\u0131 \u00e7\u00f6z\u00fcmlere dayal\u0131 stratejik m\u00fchendislik ve dan\u0131\u015fmanl\u0131k hizmetleri vermek \u00fczere kurulmu\u015ftur. servislerimiz Hakk\u0131m\u0131zda<\/p>\n","protected":false},"author":1,"featured_media":0,"parent":0,"menu_order":0,"comment_status":"closed","ping_status":"closed","template":"","meta":{"footnotes":""},"class_list":["post-11","page","type-page","status-publish","hentry"],"_links":{"self":[{"href":"https:\/\/aksstratejik.com.tr\/index.php?rest_route=\/wp\/v2\/pages\/11","targetHints":{"allow":["GET"]}}],"collection":[{"href":"https:\/\/aksstratejik.com.tr\/index.php?rest_route=\/wp\/v2\/pages"}],"about":[{"href":"https:\/\/aksstratejik.com.tr\/index.php?rest_route=\/wp\/v2\/types\/page"}],"author":[{"embeddable":true,"href":"https:\/\/aksstratejik.com.tr\/index.php?rest_route=\/wp\/v2\/users\/1"}],"replies":[{"embeddable":true,"href":"https:\/\/aksstratejik.com.tr\/index.php?rest_route=%2Fwp%2Fv2%2Fcomments&post=11"}],"version-history":[{"count":114,"href":"https:\/\/aksstratejik.com.tr\/index.php?rest_route=\/wp\/v2\/pages\/11\/revisions"}],"predecessor-version":[{"id":212,"href":"https:\/\/aksstratejik.com.tr\/index.php?rest_route=\/wp\/v2\/pages\/11\/revisions\/212"}],"wp:attachment":[{"href":"https:\/\/aksstratejik.com.tr\/index.php?rest_route=%2Fwp%2Fv2%2Fmedia&parent=11"}],"curies":[{"name":"wp","href":"https:\/\/api.w.org\/{rel}","templated":true}]}}