{"id":43,"date":"2024-01-23T03:09:44","date_gmt":"2024-01-23T03:09:44","guid":{"rendered":"https:\/\/aksstratejik.com.tr\/?page_id=43"},"modified":"2024-03-31T13:49:34","modified_gmt":"2024-03-31T13:49:34","slug":"hizmetlerimiz","status":"publish","type":"page","link":"https:\/\/aksstratejik.com.tr\/?page_id=43","title":{"rendered":"Hizmetlerimiz"},"content":{"rendered":"\t\t<div data-elementor-type=\"wp-page\" data-elementor-id=\"43\" class=\"elementor elementor-43\">\n\t\t\t\t\t\t<section class=\"elementor-section elementor-top-section elementor-element elementor-element-3f597ff elementor-section-boxed elementor-section-height-default elementor-section-height-default\" data-id=\"3f597ff\" data-element_type=\"section\">\n\t\t\t\t\t\t<div class=\"elementor-container elementor-column-gap-default\">\n\t\t\t\t\t<div class=\"aux-parallax-section elementor-column elementor-col-100 elementor-top-column elementor-element elementor-element-ca73e11\" data-id=\"ca73e11\" data-element_type=\"column\">\n\t\t\t<div class=\"elementor-widget-wrap elementor-element-populated\">\n\t\t\t\t\t\t<div class=\"elementor-element elementor-element-9eb3078 elementor-widget elementor-widget-heading\" data-id=\"9eb3078\" data-element_type=\"widget\" data-widget_type=\"heading.default\">\n\t\t\t\t<div class=\"elementor-widget-container\">\n\t\t\t\t\t<h2 class=\"elementor-heading-title elementor-size-default\">H\u0130ZMETLER\u0130M\u0130Z<\/h2>\t\t\t\t<\/div>\n\t\t\t\t<\/div>\n\t\t\t\t<div class=\"elementor-element elementor-element-04ff33f elementor-widget elementor-widget-text-editor\" data-id=\"04ff33f\" data-element_type=\"widget\" data-widget_type=\"text-editor.default\">\n\t\t\t\t<div class=\"elementor-widget-container\">\n\t\t\t\t\t\t\t\t\t<p>AKS Stratejik, \u00fclkemizde ve yak\u0131n co\u011frafyam\u0131zdaki \u00fclkelerde enerji alan\u0131nda ihtiya\u00e7 duyulan servis, de\u011ferlendirme ve stratejik m\u00fchendislik gereksinimleri kapsam\u0131nda dan\u0131\u015fmanl\u0131k hizmetleri vermektedir.<\/p><p>\u015eirketimiz, ba\u015fta petrol ve do\u011falgaz ile jeotermal sekt\u00f6r\u00fc olmak \u00fczere yenilenebilir enerji sekt\u00f6r\u00fcnde hizmet \u00fcretmekte ve stratejik dan\u0131\u015fmanl\u0131klar sunmaktad\u0131r.<\/p><p>\u015eirketimiz b\u00fcnyesinde \u00e7e\u015fitli \u00fclkeler ve\/veya basenlerde uzun s\u00fcre \u00e7al\u0131\u015fm\u0131\u015f ve buralarda derinlemesine tecr\u00fcbeye sahip uzmanlar bulunmaktad\u0131r. Bu uzmanlar\u0131n \u00e7al\u0131\u015fm\u0131\u015f ve\/veya \u00e7al\u0131\u015fmakta oldu\u011fu \u00fclkeler \u015funlard\u0131r:<\/p><blockquote><div dir=\"ltr\"><div dir=\"ltr\"><div><ul type=\"disc\"><li><strong>T\u00fcrkiye (Trakya ve Karadeniz k\u0131y\u0131 \u00f6tesi klastikleri ve GD Anadolu karbonat rezervuarlar\u0131)<\/strong><\/li><li><strong>Kazakistan (\u0130\u00e7 basenlerdeki sahalar ve Hazar Denizi k\u0131y\u0131s\u0131 sahalar\u0131 dahil)<\/strong><\/li><li><strong>T\u00fcrkmenistan (Hazar k\u0131y\u0131s\u0131 ve Merv b\u00f6lgesindeki YSYB gaz\/kondensat sahalar\u0131 dahil)<\/strong><\/li><li><strong>Azerbaycan (Kara ve denizdeki sahalar)<\/strong><\/li><li><strong>Rusya (\u00fclkenin de\u011fi\u015fik b\u00f6lgelerindeki sahalar)<\/strong><\/li><li><strong>Irak (Basra ve Kuzey Irak\u2019taki sahalar\u0131n b\u00fcy\u00fck \u00e7o\u011funlu\u011fu dahil)<\/strong><\/li><li><strong>Sudan ve G\u00fcney Sudan sahalar\u0131<\/strong><\/li><li><strong>Libya (Sirte and Gadames basins)<\/strong><\/li><li><strong>Bulgaria<\/strong><\/li><li><strong>Afganistan (YBYS sahalar\u0131)<\/strong><\/li><\/ul><blockquote><div dir=\"ltr\"><div dir=\"ltr\"><div><p>AKS\u2019nin y\u00fcksek tecr\u00fcbeye sahip oldu\u011fu ve \u00f6zel uzmanl\u0131k geli\u015ftirdi\u011fi alanlar \u015funlard\u0131r:<\/p><p>\u00a0<\/p><p>\u00b7\u00a0\u00a0\u00a0\u00a0\u00a0<strong>\u00a0\u00a0Genel:<\/strong><\/p><p>o\u00a0\u00a0\u00a0Saha geli\u015ftirme plan\u0131 haz\u0131rlama,<\/p><p>o\u00a0\u00a0\u00a0Ayr\u0131nt\u0131l\u0131 teknik analiz ve de\u011ferlendirmeler,<\/p><p>o\u00a0\u00a0\u00a0Ortakl\u0131k, birle\u015fme ve sat\u0131n almaya y\u00f6nelik de\u011ferlendirmeler (due diligence),<\/p><p>o\u00a0\u00a0\u00a0Ortakl\u0131k veya \u015firket analizleri,<\/p><p>o\u00a0\u00a0\u00a0Ekonomik de\u011ferleme modelleri ve de\u011ferlendirmeler,<\/p><p>o\u00a0\u00a0\u00a0Veri odas\u0131 ve dijital veri odas\u0131 hizmetleri,<\/p><p>o\u00a0\u00a0\u00a0Saha enerji potansiyeline y\u00f6nelik et\u00fcdler.<\/p><p>\u00a0<\/p><p>\u00b7\u00a0\u00a0\u00a0\u00a0\u00a0\u00a0<strong>\u00a0Jeoloji and Jeofizik:<\/strong><\/p><ul type=\"disc\"><li>Yap\u0131sal ve jeolojik olarak kompleks basenler ve sahalar (k\u0131vr\u0131m ve bindirme ku\u015faklar\u0131),<\/li><li>Metamorfik kaya\u00e7lar,<\/li><li>Karbonat ve kumta\u015f\u0131 rezervuarlar\u0131,<\/li><li>Do\u011fal \u00e7atlakl\u0131 rezervuarlar,<\/li><li>YSYB (Y\u00fcksek s\u0131cakl\u0131k ve y\u00fcksek bas\u0131n\u00e7l\u0131 sahalar),<\/li><li>Tatl\u0131 su rezervuarlar\u0131<\/li><li>Matriks porozite ve matriks porozite i\u00e7ermeyen (ankonvansiyonel ve\/veya \u00e7atlakl\u0131) rezervuarlar.<\/li><\/ul><p>\u00a0<\/p><p>\u00b7\u00a0\u00a0\u00a0\u00a0\u00a0\u00a0\u00a0<strong>Rezervuar, \u00dcretim ve Petrofizik Analizler:<\/strong><\/p><p>\u00a0<\/p><p>o\u00a0\u00a0\u00a0Petrofizik ve rezervuar bazl\u0131 analiz, yorum ve de\u011ferlendirmeleri,<\/p><p>o\u00a0\u00a0\u00a0Kuyu loglar\u0131 ve sismik very say\u0131salla\u015ft\u0131rma<\/p><p>o\u00a0\u00a0\u00a0\u00dcretim optimizasyonuna y\u00f6nelik \u00e7e\u015fitli analiz, y\u00f6ntem ve de\u011ferlendirmeler (tracer ve interferans analizleri dahil),<\/p><p>o\u00a0\u00a0\u00a0Kuyu testleri dizayn, planlama ve uygulamalar\u0131,<\/p><p>o\u00a0\u00a0\u00a0Rezerv ve kaynak hesaplamalar\u0131na y\u00f6nelik teknik analizler,<\/p><p>o\u00a0\u00a0\u00a0Statik\/dinamik model kurma, model kalitesini g\u00f6zden ge\u00e7irme ve g\u00fcncelleme hizmetleri.<\/p><p>\u00a0<\/p><p>\u00a0 \u00a0 \u00a0<strong>Sondaj ve Kuyu Tamamlama Disiplini:<\/strong><\/p><p>\u00a0<\/p><p>o\u00a0\u00a0\u00a0Sondaj \u00f6ncesi detayl\u0131 m\u00fchendislik planlamas\u0131<\/p><p>o\u00a0\u00a0\u00a0Sondaj dizayn\u0131 ve kuyu sondaj program\u0131 haz\u0131rlanmas\u0131\u00a0<\/p><p>o\u00a0\u00a0\u00a0Sondaj program\u0131 teknik analizi ve g\u00f6zden ge\u00e7irilmesi<\/p><p>o\u00a0\u00a0\u00a0Detayl\u0131 kuyu sondaj program\u0131 analizi ve teknik de\u011ferlendirmesi<\/p><p>o\u00a0\u00a0\u00a0Sondaj operasyonu planlamas\u0131, b\u00fct\u00e7e program\u0131 ve program optimizasyonu\u00a0<\/p><p>o\u00a0\u00a0\u00a0Sondaj ve ilgili ekipman planlamas\u0131, optimizasyonu ile bunlar\u0131n sevislerine ili\u015fkin s\u00f6zle\u015fme planlamas\u0131 ve takibi<\/p><p>o\u00a0\u00a0\u00a0Kaza veya uyumsuzluklar\u0131n teknik incelemesi ve \u00f6nlemlere ili\u015fkin tavsiyeler<\/p><p>o\u00a0\u00a0\u00a0Projenin risklerinin de\u011ferlendirilmesi<\/p><p>o\u00a0\u00a0\u00a0Kuyu b\u00fct\u00fcnl\u00fc\u011f\u00fc ve s\u0131hhatine ili\u015fkin de\u011ferlendirmeler<\/p><p>o\u00a0\u00a0\u00a0Proje m\u00fchendisleri ve s\u00fcperviz\u00f6rlerin e\u011fitimi<\/p><p>o\u00a0\u00a0\u00a0Ka\u011f\u0131t \u00fczerinde sondaj ve kuyu tamamlama program\u0131n\u0131n\u00a0 haz\u0131rlanmas\u0131, y\u00f6netimi ve de\u011ferlendirmesi<\/p><p>o\u00a0\u00a0\u00a0Sondaj program\u0131n\u0131n emniyetli ve b\u00fct\u00e7esi i\u00e7inde hedefe ula\u015fmas\u0131na y\u00f6nelik m\u00fchendislik destekleri ve y\u00f6netimi<\/p><p>o\u00a0\u00a0\u00a0End\u00fcstrideki en iyi uygulamalara y\u00f6nelik e\u011fitim ve y\u00f6netim deste\u011fi<\/p><p>o\u00a0\u00a0\u00a0Derin deniz sondaj teknolojisi e\u011fitimi ve y\u00f6netim deste\u011fi<\/p><p>o\u00a0\u00a0\u00a0Kuyu Tamamlama disiplinine illi\u015fkin destek ve m\u00fchendislik \u00e7\u00f6z\u00fcmleri<\/p><\/div><\/div><\/div><\/blockquote><\/div><\/div><\/div><\/blockquote>\t\t\t\t\t\t\t\t<\/div>\n\t\t\t\t<\/div>\n\t\t\t\t\t<\/div>\n\t\t<\/div>\n\t\t\t\t\t<\/div>\n\t\t<\/section>\n\t\t\t\t<section class=\"elementor-section elementor-top-section elementor-element elementor-element-3f2502d elementor-section-boxed elementor-section-height-default elementor-section-height-default\" data-id=\"3f2502d\" data-element_type=\"section\">\n\t\t\t\t\t\t<div class=\"elementor-container elementor-column-gap-default\">\n\t\t\t\t\t<div class=\"aux-parallax-section elementor-column elementor-col-100 elementor-top-column elementor-element elementor-element-4a34d48\" data-id=\"4a34d48\" data-element_type=\"column\">\n\t\t\t<div class=\"elementor-widget-wrap elementor-element-populated\">\n\t\t\t\t\t\t\t<\/div>\n\t\t<\/div>\n\t\t\t\t\t<\/div>\n\t\t<\/section>\n\t\t\t\t<\/div>\n\t\t","protected":false},"excerpt":{"rendered":"<p>H\u0130ZMETLER\u0130M\u0130Z AKS Stratejik, \u00fclkemizde ve yak\u0131n co\u011frafyam\u0131zdaki \u00fclkelerde enerji alan\u0131nda ihtiya\u00e7 duyulan servis, de\u011ferlendirme ve stratejik m\u00fchendislik gereksinimleri kapsam\u0131nda dan\u0131\u015fmanl\u0131k hizmetleri vermektedir. \u015eirketimiz, ba\u015fta petrol ve do\u011falgaz ile jeotermal sekt\u00f6r\u00fc olmak \u00fczere yenilenebilir enerji sekt\u00f6r\u00fcnde hizmet \u00fcretmekte ve stratejik dan\u0131\u015fmanl\u0131klar sunmaktad\u0131r. \u015eirketimiz b\u00fcnyesinde \u00e7e\u015fitli \u00fclkeler ve\/veya basenlerde uzun s\u00fcre \u00e7al\u0131\u015fm\u0131\u015f ve buralarda derinlemesine tecr\u00fcbeye sahip [&hellip;]<\/p>\n","protected":false},"author":1,"featured_media":0,"parent":0,"menu_order":0,"comment_status":"closed","ping_status":"closed","template":"","meta":{"footnotes":""},"class_list":["post-43","page","type-page","status-publish","hentry"],"_links":{"self":[{"href":"https:\/\/aksstratejik.com.tr\/index.php?rest_route=\/wp\/v2\/pages\/43","targetHints":{"allow":["GET"]}}],"collection":[{"href":"https:\/\/aksstratejik.com.tr\/index.php?rest_route=\/wp\/v2\/pages"}],"about":[{"href":"https:\/\/aksstratejik.com.tr\/index.php?rest_route=\/wp\/v2\/types\/page"}],"author":[{"embeddable":true,"href":"https:\/\/aksstratejik.com.tr\/index.php?rest_route=\/wp\/v2\/users\/1"}],"replies":[{"embeddable":true,"href":"https:\/\/aksstratejik.com.tr\/index.php?rest_route=%2Fwp%2Fv2%2Fcomments&post=43"}],"version-history":[{"count":34,"href":"https:\/\/aksstratejik.com.tr\/index.php?rest_route=\/wp\/v2\/pages\/43\/revisions"}],"predecessor-version":[{"id":225,"href":"https:\/\/aksstratejik.com.tr\/index.php?rest_route=\/wp\/v2\/pages\/43\/revisions\/225"}],"wp:attachment":[{"href":"https:\/\/aksstratejik.com.tr\/index.php?rest_route=%2Fwp%2Fv2%2Fmedia&parent=43"}],"curies":[{"name":"wp","href":"https:\/\/api.w.org\/{rel}","templated":true}]}}